{"id":3303,"date":"2025-03-09T11:24:22","date_gmt":"2025-03-09T11:24:22","guid":{"rendered":"https:\/\/klarglas.digitalambition.ch\/?page_id=3303"},"modified":"2025-03-09T11:36:52","modified_gmt":"2025-03-09T11:36:52","slug":"impressum","status":"publish","type":"page","link":"https:\/\/klarglas.digitalambition.ch\/?page_id=3303","title":{"rendered":"Impressum"},"content":{"rendered":"<div class=\"fusion-fullwidth fullwidth-box fusion-builder-row-1 fusion-flex-container nonhundred-percent-fullwidth non-hundred-percent-height-scrolling\" style=\"--awb-border-radius-top-left:0px;--awb-border-radius-top-right:0px;--awb-border-radius-bottom-right:0px;--awb-border-radius-bottom-left:0px;--awb-padding-bottom:0px;--awb-margin-top:50px;--awb-margin-bottom:50px;--awb-flex-wrap:wrap;\" ><div class=\"fusion-builder-row fusion-row fusion-flex-align-items-flex-start fusion-flex-content-wrap\" style=\"max-width:1393.6px;margin-left: calc(-4% \/ 2 );margin-right: calc(-4% \/ 2 );\"><div class=\"fusion-layout-column fusion_builder_column fusion-builder-column-0 fusion_builder_column_1_1 1_1 fusion-flex-column\" style=\"--awb-bg-size:cover;--awb-width-large:100%;--awb-margin-top-large:0px;--awb-spacing-right-large:1.92%;--awb-margin-bottom-large:0px;--awb-spacing-left-large:1.92%;--awb-width-medium:100%;--awb-spacing-right-medium:1.92%;--awb-spacing-left-medium:1.92%;--awb-width-small:100%;--awb-spacing-right-small:1.92%;--awb-spacing-left-small:1.92%;\"><div class=\"fusion-column-wrapper fusion-flex-justify-content-flex-start fusion-content-layout-column\"><div class=\"fusion-text fusion-text-1\" style=\"--awb-text-font-family:&quot;futura-pt&quot;;--awb-text-font-style:normal;--awb-text-font-weight:400;\"><p><strong>Anschrift<br \/><\/strong><\/p>\n<div><strong>KLAR AUTOGLAS GmbH<\/strong><\/div>\n<div>Neuquartier 9<br \/>4665 Oftringen<\/div>\n<div>Tel.<a href=\"tel:+41625580008\"> 062 558 00 08<\/a><\/div>\n<div>Tel. <a href=\"http:\/\/+41764109918\/\" data-wplink-url-error=\"true\">076 410 99 18<\/a><br \/>E-Mail <a href=\"mailto:info@klar-glas.ch\">info@klar-glas.ch<\/a><\/div>\n<div>&nbsp;<\/div>\n<div><b>Realisation<br \/><\/b>Digital Ambition<br \/><a href=\"https:\/\/www.digitalambition.ch\/\">www.digitalambition.ch<\/a><\/div>\n<div>&nbsp;<\/div>\n<div><strong>Handelsregister-Eintrag<\/strong><br \/>Eingetragener Firmenname: KLAR AUTOGLAS GmbH<br \/>Handelsregister Nr: CH-400.4.448.503-8<\/div>\n<div>&nbsp;<\/div>\n<div><strong>Haftungsausschluss<\/strong><br \/>Der Autor \u00fcbernimmt keinerlei Gew\u00e4hr hinsichtlich der inhaltlichen Richtigkeit, Genauigkeit, Aktualit\u00e4t, Zuverl\u00e4ssigkeit und Vollst\u00e4ndigkeit der Informationen. Haftungsanspr\u00fcche gegen den Autor wegen Sch\u00e4den materieller oder immaterieller Art, welche aus dem Zugriff oder der Nutzung bzw. Nichtnutzung der ver\u00f6ffentlichten Informationen, durch Missbrauch der Verbindung oder durch technische St\u00f6rungen entstanden sind, werden ausgeschlossen. Alle Angebote sind unverbindlich. Der Autor beh\u00e4lt es sich ausdr\u00fccklich vor, Teile der Seiten oder das gesamte Angebot ohne besondere Ank\u00fcndigung zu ver\u00e4ndern, zu erg\u00e4nzen, zu l\u00f6schen oder die Ver\u00f6ffentlichung zeitweise oder endg\u00fcltig einzustellen.<\/div>\n<div>&nbsp;<\/div>\n<div><strong>Haftungsausschluss f\u00fcr Links<\/strong><br \/>Verweise und Links auf Webseiten Dritter liegen ausserhalb unseres Verantwortungsbereichs. Es wird jegliche Verantwortung f\u00fcr solche Webseiten abgelehnt. Der Zugriff und die Nutzung solcher Webseiten erfolgen auf eigene Gefahr des jeweiligen Nutzers.<\/div>\n<div>&nbsp;<\/div>\n<div><strong>Urheberrechte<\/strong><br \/>Die Website enth\u00e4lt lizenzfreie sowie lizenzierte Bilder von Foto Plattformen wie istock.com. Jegliche Modifikation, Reproduktion oder Benutzung der Website oder des Logos KLAR AUTOGLAS GmbH f\u00fcr einen \u00f6ffentlichen oder kommerziellen Zweck ist ohne vorherige schriftliche Zustimmung von der KLAR AUTOGLAS GmbH strikt untersagt.<\/div>\n<\/div><\/div><\/div><\/div><\/div>\n","protected":false},"excerpt":{"rendered":"","protected":false},"author":1,"featured_media":0,"parent":0,"menu_order":0,"comment_status":"closed","ping_status":"closed","template":"","meta":{"footnotes":""},"class_list":["post-3303","page","type-page","status-publish","hentry"],"_links":{"self":[{"href":"https:\/\/klarglas.digitalambition.ch\/index.php?rest_route=\/wp\/v2\/pages\/3303","targetHints":{"allow":["GET"]}}],"collection":[{"href":"https:\/\/klarglas.digitalambition.ch\/index.php?rest_route=\/wp\/v2\/pages"}],"about":[{"href":"https:\/\/klarglas.digitalambition.ch\/index.php?rest_route=\/wp\/v2\/types\/page"}],"author":[{"embeddable":true,"href":"https:\/\/klarglas.digitalambition.ch\/index.php?rest_route=\/wp\/v2\/users\/1"}],"replies":[{"embeddable":true,"href":"https:\/\/klarglas.digitalambition.ch\/index.php?rest_route=%2Fwp%2Fv2%2Fcomments&post=3303"}],"version-history":[{"count":5,"href":"https:\/\/klarglas.digitalambition.ch\/index.php?rest_route=\/wp\/v2\/pages\/3303\/revisions"}],"predecessor-version":[{"id":3310,"href":"https:\/\/klarglas.digitalambition.ch\/index.php?rest_route=\/wp\/v2\/pages\/3303\/revisions\/3310"}],"wp:attachment":[{"href":"https:\/\/klarglas.digitalambition.ch\/index.php?rest_route=%2Fwp%2Fv2%2Fmedia&parent=3303"}],"curies":[{"name":"wp","href":"https:\/\/api.w.org\/{rel}","templated":true}]}}