{"id":3,"date":"2025-02-25T09:57:15","date_gmt":"2025-02-25T09:57:15","guid":{"rendered":"https:\/\/klarglas.digitalambition.ch\/?page_id=3"},"modified":"2025-03-09T11:23:30","modified_gmt":"2025-03-09T11:23:30","slug":"datenschutz","status":"publish","type":"page","link":"https:\/\/klarglas.digitalambition.ch\/?page_id=3","title":{"rendered":"Datenschutz"},"content":{"rendered":"<div class=\"fusion-fullwidth fullwidth-box fusion-builder-row-1 fusion-flex-container nonhundred-percent-fullwidth non-hundred-percent-height-scrolling\" style=\"--awb-border-radius-top-left:0px;--awb-border-radius-top-right:0px;--awb-border-radius-bottom-right:0px;--awb-border-radius-bottom-left:0px;--awb-flex-wrap:wrap;\" ><div class=\"fusion-builder-row fusion-row fusion-flex-align-items-flex-start fusion-flex-content-wrap\" style=\"max-width:1393.6px;margin-left: calc(-4% \/ 2 );margin-right: calc(-4% \/ 2 );\"><div class=\"fusion-layout-column fusion_builder_column fusion-builder-column-0 fusion_builder_column_1_1 1_1 fusion-flex-column\" style=\"--awb-bg-size:cover;--awb-width-large:100%;--awb-margin-top-large:0px;--awb-spacing-right-large:1.92%;--awb-margin-bottom-large:0px;--awb-spacing-left-large:1.92%;--awb-width-medium:100%;--awb-spacing-right-medium:1.92%;--awb-spacing-left-medium:1.92%;--awb-width-small:100%;--awb-spacing-right-small:1.92%;--awb-spacing-left-small:1.92%;\"><div class=\"fusion-column-wrapper fusion-flex-justify-content-flex-start fusion-content-layout-column\"><div class=\"fusion-text fusion-text-1\" style=\"--awb-text-font-family:&quot;futura-pt&quot;;--awb-text-font-style:normal;--awb-text-font-weight:400;\"><h3><strong>Kontaktadresse<\/strong><\/h3>\n<div><strong>KLAR AUTOGLAS<sup>\u00ae<\/sup> GmbH<\/strong><\/div>\n<div>Neuquartier 9<br \/>\nCH-4665 Oftringen<\/div>\n<div><strong>www.klar-glas.ch<\/strong><\/div>\n<div>Tel. 062 558 00 08<\/div>\n<div>Tel. 076 410 99 18<br \/>\nE-Mail info@klar-glas.ch<\/div>\n<h3><strong>Allgemeiner Hinweis<\/strong><\/h3>\n<p>Gest\u00fctzt auf Artikel 13 der schweizerischen Bundesverfassung und die datenschutzrechtlichen Bestimmungen des Bundes (Datenschutzgesetz, DSG) hat jede Person Anspruch auf Schutz ihrer Privatsph\u00e4re sowie auf Schutz vor Missbrauch ihrer pers\u00f6nlichen Daten. Die Betreiber dieser Seiten nehmen den Schutz Ihrer pers\u00f6nlichen Daten sehr ernst. Wir behandeln Ihre personenbezogenen Daten vertraulich und entsprechend der gesetzlichen Datenschutzvorschriften sowie dieser Datenschutzerkl\u00e4rung.<\/p>\n<p>In Zusammenarbeit mit unseren Hosting-Providern bem\u00fchen wir uns, die Datenbanken so gut wie m\u00f6glich vor fremden Zugriffen, Verlusten, Missbrauch oder vor F\u00e4lschung zu sch\u00fctzen.<\/p>\n<p>Wir weisen darauf hin, dass die Daten\u00fcbertragung im Internet (z.B. bei der Kommunikation per E-Mail) Sicherheitsl\u00fccken aufweisen kann. Ein l\u00fcckenloser Schutz der Daten vor dem Zugriff durch Dritte ist nicht m\u00f6glich.<\/p>\n<p>Durch die Nutzung dieser WebSite erkl\u00e4ren Sie sich mit der Erhebung, Verarbeitung und Nutzung von Daten gem\u00e4ss der nachfolgenden Beschreibung einverstanden. Diese WebSite kann grunds\u00e4tzlich ohne Registrierung besucht werden. Dabei werden Daten wie beispielsweise aufgerufene Seiten bzw. Namen der abgerufenen Datei, Datum und Uhrzeit zu statistischen Zwecken auf dem Server gespeichert, ohne dass diese Daten unmittelbar auf Ihre Person bezogen werden. Personenbezogene Daten, insbesondere Name, Adresse oder E-Mail-Adresse werden soweit m\u00f6glich auf freiwilliger Basis erhoben. Ohne Ihre Einwilligung erfolgt keine Weitergabe der Daten an Dritte.<\/p>\n<h3><strong>Datenschutzerkl\u00e4rung f\u00fcr Cookies<\/strong><\/h3>\n<p>Diese WebSite verwendet Cookies. Das sind kleine Textdateien, die es m\u00f6glich machen, auf dem Endger\u00e4t des Nutzers spezifische, auf den Nutzer bezogene Informationen zu speichern, w\u00e4hrend er die Website nutzt. Cookies erm\u00f6glichen es, insbesondere Nutzungsh\u00e4ufigkeit und Nutzeranzahl der Seiten zu ermitteln, Verhaltensweisen der Seitennutzung zu analysieren, aber auch unser Angebot kundenfreundlicher zu gestalten. Cookies bleiben \u00fcber das Ende einer Browser-Sitzung gespeichert und k\u00f6nnen bei einem erneuten Seitenbesuch wieder aufgerufen werden. Wenn Sie das nicht w\u00fcnschen, sollten Sie Ihren Internetbrowser so einstellen, dass er die Annahme von Cookies verweigert.<\/p>\n<p>Ein genereller Widerspruch gegen den Einsatz der zu Zwecken des Onlinemarketing eingesetzten Cookies kann bei einer Vielzahl der Dienste, vor allem im Fall des Trackings, \u00fcber die US-amerikanische Seite http:\/\/www.aboutads.info\/choices\/ oder die EU-Seite http:\/\/www.youronlinechoices.com\/ erkl\u00e4rt werden. Des Weiteren kann die Speicherung von Cookies mittels deren Abschaltung in den Einstellungen des Browsers erreicht werden. Bitte beachten Sie, dass dann gegebenenfalls nicht alle Funktionen dieses Onlineangebotes genutzt werden k\u00f6nnen.<\/p>\n<h3><strong>Datenschutzerkl\u00e4rung f\u00fcr Server-Log-Files<\/strong><\/h3>\n<p>Der Provider dieser WebSite erhebt und speichert automatisch Informationen in so genannten Server-Log Files, die Ihr Browser automatisch an uns \u00fcbermittelt. Dies sind:<\/p>\n<ul>\n<li>Browsertyp und Browserversion<\/li>\n<li>verwendetes Betriebssystem<\/li>\n<li>Referrer URL<\/li>\n<li>Hostname des zugreifenden Rechners<\/li>\n<li>Uhrzeit der Serveranfrage<\/li>\n<\/ul>\n<p>Diese Daten sind nicht bestimmten Personen zuordenbar. Eine Zusammenf\u00fchrung dieser Daten mit anderen Datenquellen wird nicht vorgenommen. Wir behalten uns vor, diese Daten nachtr\u00e4glich zupr\u00fcfen, wenn uns konkrete Anhaltspunkte f\u00fcr eine rechtswidrige Nutzung bekannt werden.<\/p>\n<h3><strong>Dienste von Dritten<\/strong><\/h3>\n<p>Diese WebSite verwenden allenfalls Google Maps f\u00fcr das Einbetten von Karten, Google Invisible reCAPTCHA f\u00fcr den Schutz gegen Bots und Spam sowie YouTube f\u00fcr das Einbetten von Videos.<\/p>\n<p>Diese Dienste der amerikanischen Google LLC verwenden unter anderem Cookies und infolgedessen werden Daten an Google in den USA \u00fcbertragen, wobei wir davon ausgehen, dass in diesem Rahmen kein personenbezogenes Tracking allein durch die Nutzung unserer Website stattfindet.<\/p>\n<p>Google hat sich verpflichtet, einen angemessenen Datenschutz gem\u00e4ss dem amerikanisch-europ\u00e4ischen und dem amerikanisch-schweizerischen Privacy Shield zu gew\u00e4hrleisten.<\/p>\n<p>Weitere Informationen finden sich in der Datenschutzerkl\u00e4rung von Google.<\/p>\n<p><strong>Datenschutzerkl\u00e4rung f\u00fcr Kontaktformular<\/strong><\/p>\n<p>Wenn Sie uns per Kontaktformular Anfragen zukommen lassen, werden Ihre Angaben aus dem Anfrageformular inklusive der von Ihnen dort angegebenen Kontaktdaten zwecks Bearbeitung der Anfrage und f\u00fcr den Fall von Anschlussfragen bei uns gespeichert. Diese Daten geben wir nicht ohne Ihre Einwilligung weiter.<\/p>\n<h3><strong>Google Ads<\/strong><\/h3>\n<p>Diese WebSite nutzt das Google Conversion-Tracking. Sind Sie \u00fcber eine von Google geschaltete Anzeige auf unsere WebSite gelangt, wird von Google Adwords ein Cookie auf Ihrem Rechner gesetzt. Das Cookie f\u00fcr Conversion-Tracking wird gesetzt, wenn ein Nutzer auf eine von Google geschaltete Anzeige klickt. Diese Cookies verlieren nach 30 Tagen ihre G\u00fcltigkeit und dienen nicht der pers\u00f6nlichen Identifizierung. Besucht der Nutzer bestimmte Seiten unserer Website und das Cookie ist noch nicht abgelaufen, k\u00f6nnen wir und Google erkennen, dass der Nutzer auf die Anzeige geklickt hat und zu dieser Seite weitergeleitet wurde. Jeder Google AdWords-Kunde erh\u00e4lt ein anderes Cookie. Cookies k\u00f6nnen somit nicht \u00fcber die Websites von AdWords-Kunden nachverfolgt werden. Die mithilfe des Conversion-Cookies eingeholten Informationen dienen dazu, Conversion-Statistiken f\u00fcr AdWords-Kunden zu erstellen, die sich f\u00fcr Conversion-Tracking entschieden haben. Die Kunden erfahren die Gesamtanzahl der Nutzer, die auf ihre Anzeige geklickt haben und zu einer mit einem Conversion-Tracking-Tag versehenen Seite weitergeleitet wurden. Sie erhalten jedoch keine Informationen, mit denen sich Nutzer pers\u00f6nlich identifizieren lassen.<\/p>\n<p>M\u00f6chten Sie nicht am Tracking teilnehmen, k\u00f6nnen Sie das hierf\u00fcr erforderliche Setzen eines Cookies ablehnen \u2013 etwa per Browser-Einstellung, die das automatische Setzen von Cookies generell deaktiviert oder Ihren Browser so einstellen, dass Cookies von der Domain \u201egoogleleadservices.com\u201d blockiert werden.<\/p>\n<p>Bitte beachten Sie, dass Sie die Opt-out-Cookies nicht l\u00f6schen d\u00fcrfen, solange Sie keine Aufzeichnung von Messdaten w\u00fcnschen. Haben Sie alle Ihre Cookies im Browser gel\u00f6scht, m\u00fcssen Sie das jeweilige Opt-out Cookie erneut setzen.<\/p>\n<h3><strong>Einsatz von Google Remarketing<\/strong><\/h3>\n<p>Diese WebSite verwendet die Remarketing-Funktion der Google Inc. Die Funktion dient dazu, Webseitenbesuchern innerhalb des Google-Werbenetzwerks interessenbezogene Werbeanzeigen zu pr\u00e4sentieren. Im Browser des Webseitenbesuchers wird ein sog. \u201eCookie\u201d gespeichert, der es erm\u00f6glicht, den Besucher wiederzuerkennen, wenn dieser Webseiten aufruft, die dem Werbenetzwerk von Google angeh\u00f6ren. Auf diesen Seiten k\u00f6nnen dem Besucher Werbeanzeigen pr\u00e4sentiert werden, die sich auf Inhalte beziehen, die der Besucher zuvor auf Webseiten aufgerufen hat, die die Remarketing Funktion von Google verwenden.<\/p>\n<p>Nach eigenen Angaben erhebt Google bei diesem Vorgang keine personenbezogenen Daten. Sollten Sie die Funktion Remarketing von Google dennoch nicht w\u00fcnschen, k\u00f6nnen Sie diese grunds\u00e4tzlich deaktivieren, indem Sie die entsprechenden Einstellungen unter http:\/\/www.google.com\/settings\/ads vornehmen. Alternativ k\u00f6nnen Sie den Einsatz von Cookies f\u00fcr interessenbezogene Werbung \u00fcber die Werbenetzwerkinitiative deaktivieren, indem Sie den Anweisungen unter http:\/\/www.networkadvertising.org\/managing\/opt_out.asp folgen.<\/p>\n<h3><strong>Verwendung von Google reCAPTCHA<\/strong><\/h3>\n<p>Diese WebSite verwendet den Dienst reCAPTCHA der Google Inc. (1600 Amphitheatre Parkway, Mountain View, CA 94043, USA; \u201eGoogle\u201d). Die Abfrage dient dem Zweck der Unterscheidung, ob die Eingabe durch einen Menschen oder durch automatisierte, maschinelle Verarbeitung erfolgt. Die Abfrage schliesst den Versand der IP-Adresse und ggf. weiterer von Google f\u00fcr den Dienst reCAPTCHA ben\u00f6tigter Daten an Google ein. Zu diesem Zweck wird Ihre Eingabe an Google \u00fcbermittelt und dort weiter verwendet. Ihre IP-Adresse wird von Google jedoch innerhalb von Mitgliedstaaten der Europ\u00e4ischen Union oder in anderen Vertragsstaaten des Abkommens \u00fcber den Europ\u00e4ischen Wirtschaftsraum zuvor gek\u00fcrzt. Nur in Ausnahmef\u00e4llen wird die volle IP-Adresse an einen Server von Google in den USA \u00fcbertragen und dort gek\u00fcrzt. Im Auftrag des Betreibers dieser Website wird Google diese Informationen benutzen, um Ihre Nutzung dieses Dienstes auszuwerten. Die im Rahmen von reCaptcha von Ihrem Browser \u00fcbermittelte IP-Adresse wird nicht mit anderen Daten von Google zusammengef\u00fchrt. Ihre Daten werden dabei gegebenenfalls auch in die USA \u00fcbermittelt. F\u00fcr Daten\u00fcbermittlungen in die USA ist ein Angemessenheitsbeschluss der Europ\u00e4ischen Kommission, das \u201ePrivacy Shield\u201d, vorhanden. Google nimmt am \u201ePrivacy Shield\u201d teil und hat sich den Vorgaben unterworfen. Mit Bet\u00e4tigen der Abfrage willigen Sie in die Verarbeitung Ihrer Daten ein. Die Verarbeitung erfolgt auf Grundlage des Art. 6 (1) lit. a DSGVO mit Ihrer Einwilligung. Sie k\u00f6nnen Ihre Einwilligung jederzeit widerrufen, ohne dass die Rechtm\u00e4ssigkeit der aufgrund der Einwilligung bis zum Widerruf erfolgten Verarbeitung ber\u00fchrt wird.<\/p>\n<p>N\u00e4here Informationen zu Google reCAPTCHA sowie die dazugeh\u00f6rige Datenschutzerkl\u00e4rung finden Sie unter: https:\/\/www.google.com\/privacy\/ads\/.<\/p>\n<h3><strong>Datenschutzerkl\u00e4rung f\u00fcr Google Analytics<\/strong><\/h3>\n<p>Diese WebSite verwendet Google Analytics, einen Webanalysedienst von Google Inc., 1600 Amphitheatre Parkway, Mountain View, CA 94043, USA. Zur Deaktivierung von Google Analytiscs stellt Google unter https:\/\/tools.google.com\/dlpage\/gaoptout?hl=de ein Browser-Plug-In zur Verf\u00fcgung. Google Analytics verwendet Cookies. Das sind kleine Textdateien, die es m\u00f6glich machen, auf dem Endger\u00e4t des Nutzers spezifische, auf den Nutzer bezogene Informationen zu speichern. Diese erm\u00f6glichen eine Analyse der Nutzung unseres Websiteangebotes durch Google. Die durch den Cookie erfassten Informationen \u00fcber die Nutzung unserer Seiten (einschliesslich Ihrer IP-Adresse) werden in der Regel an einen Server von Google in den USA \u00fcbertragen und dort gespeichert. Wir weisen darauf hin, dass auf dieser Website Google Analytics um den Code \u201egat._anonymizeIp();\u201d erweitert wurde, um eine anonymisierte Erfassung von IP-Adressen (sog. IP-Masking) zu gew\u00e4hrleisten. Ist die Anonymisierung aktiv, k\u00fcrzt Google IP-Adressen innerhalb von Mitgliedstaaten der Europ\u00e4ischen Union oder in anderen Vertragsstaaten des Abkommens \u00fcber den Europ\u00e4ischen Wirtschaftsraum, weswegen keine R\u00fcckschl\u00fcsse auf Ihre Identit\u00e4t m\u00f6glich sind. Nur in Ausnahmef\u00e4llen wird die volle IP-Adresse an einen Server von Google in den USA \u00fcbertragen und dort gek\u00fcrzt. Google beachtet die Datenschutzbestimmungen des \u201ePrivacy Shield\u201d-Abkommens und ist beim \u201ePrivacy Shield\u201d-Programm des US-Handelsministeriums registriert und nutzt die gesammelten Informationen, um die Nutzung unserer Websites auszuwerten, Berichte f\u00fcr uns diesbez\u00fcglich zu verfassen und andere diesbez\u00fcgliche Dienstleistungen an uns zu erbringen. Mehr erfahren Sie unter https:\/\/support.google.com\/analytics\/answer\/6004245?hl=de.<\/p>\n<h3><strong>Datenschutzerkl\u00e4rung f\u00fcr Google AdSense<\/strong><\/h3>\n<p>Diese WebSite benutzt Google AdSense, einen Dienst zum Einbinden von Werbeanzeigen von Google Inc., 1600 Amphitheatre Parkway, Mountain View, CA 94043, USA. GoogleAdSense verwendet sog. \u201eCookies\u201d, Textdateien, die auf Ihrem Computer gespeichert werden und die eine Analyse der Benutzung der Website erm\u00f6glicht. Google AdSense verwendet auch so genannte Web Beacons (unsichtbare Grafiken). Durch diese Web Beacons k\u00f6nnen Informationen wie der Besucherverkehr auf diesen Seiten ausgewertet werden. Die durch Cookies und Web Beacons erzeugten Informationen \u00fcber die Benutzung dieser Website (einschlie\u00dflich Ihrer IP-Adresse) und Auslieferung von Werbeformaten werden an einen Server von Google in den USA \u00fcbertragen und dort gespeichert. Diese Informationen k\u00f6nnen von Google an Vertragspartner von Google weiter gegeben werden. Google wird Ihre IP-Adresse jedoch nicht mit anderen von Ihnen gespeicherten Daten zusammenf\u00fchren. Sie k\u00f6nnen die Installation der Cookies durch eine entsprechende Einstellung Ihrer Browser Software verhindern; wir weisen Sie jedoch darauf hin, dass Sie in diesem Fall gegebenenfalls nicht s\u00e4mtliche Funktionen dieser Website voll umf\u00e4nglich nutzen k\u00f6nnen. Durch die Nutzung dieser Website erkl\u00e4ren Sie sich mit der Bearbeitung der \u00fcber Sie erhobenen Daten durch Google in der zuvor beschriebenen Art und Weise und zu dem zuvor benannten Zweck einverstanden.<\/p>\n<h3><strong>Datenschutzerkl\u00e4rung f\u00fcr die Nutzung von Hotjar<\/strong><\/h3>\n<p>Diese WebSite benutzt den Service von Hotjar zur Verbesserung der Benutzerfreundlichkeit. Die Hotjar Ltd. Hotjar Ltd. ist ein europ\u00e4isches Unternehmen mit Sitz in Malta (Hotjar Ltd, Level 2, St Julians Business Centre, 3, Elia Zammit Street, St Julians STJ 1000, Malta, Europe). Es k\u00f6nnen Mausklicks sowie Maus- und Scroll-Bewegungen aufgezeichnet werden. Ebenso k\u00f6nnen auf dieser Internetseite durchgef\u00fchrte Tastatureingaben aufgezeichnet werden. Personifizierte Informationen werden dabei nicht aufgenommen. Hotjar verwendet zur Erhebung und \u00dcbertragung Ihrer Daten einen Tracking-Code. Sobald Sie unsere Website besuchen, erhebt der Hotjar Tracking-Code automatisch die auf Ihrer Aktivit\u00e4t beruhenden Daten und speichert Sie auf den Hotjar Servern (Standort Irland) ab. Zudem erheben die durch die Website auf Ihrem Computer oder Ihrem Endendger\u00e4t platzierten Cookies ebenfalls Daten. F\u00fcr weitere Informationen, wie Hotjar arbeitet, besuchen Sie diese Seite: https:\/\/www.hotjar.com\/privacy.<\/p>\n<p>M\u00f6chten Sie der Erhebung der Daten durch Hotjar widersprechen (Opt-Out), klicken Sie bitte hier: https:\/\/www.hotjar.com\/opt-out.<\/p>\n<h3><strong>\u00c4nderungen<\/strong><\/h3>\n<p>Wir k\u00f6nnen diese Datenschutzerkl\u00e4rung jederzeit ohne Vorank\u00fcndigung anpassen. Es gilt die jeweils aktuelle, auf unserer Website publizierte Fassung. Soweit die Datenschutzerkl\u00e4rung Teil einer Vereinbarung mit Ihnen ist, werden wir Sie im Falle einer Aktualisierung \u00fcber die \u00c4nderung per E-Mail oder auf andere geeignete Weise informieren.<\/p>\n<\/div><\/div><\/div><\/div><\/div>\n","protected":false},"excerpt":{"rendered":"","protected":false},"author":1,"featured_media":0,"parent":0,"menu_order":0,"comment_status":"closed","ping_status":"closed","template":"","meta":{"footnotes":""},"class_list":["post-3","page","type-page","status-publish","hentry"],"_links":{"self":[{"href":"https:\/\/klarglas.digitalambition.ch\/index.php?rest_route=\/wp\/v2\/pages\/3","targetHints":{"allow":["GET"]}}],"collection":[{"href":"https:\/\/klarglas.digitalambition.ch\/index.php?rest_route=\/wp\/v2\/pages"}],"about":[{"href":"https:\/\/klarglas.digitalambition.ch\/index.php?rest_route=\/wp\/v2\/types\/page"}],"author":[{"embeddable":true,"href":"https:\/\/klarglas.digitalambition.ch\/index.php?rest_route=\/wp\/v2\/users\/1"}],"replies":[{"embeddable":true,"href":"https:\/\/klarglas.digitalambition.ch\/index.php?rest_route=%2Fwp%2Fv2%2Fcomments&post=3"}],"version-history":[{"count":4,"href":"https:\/\/klarglas.digitalambition.ch\/index.php?rest_route=\/wp\/v2\/pages\/3\/revisions"}],"predecessor-version":[{"id":3302,"href":"https:\/\/klarglas.digitalambition.ch\/index.php?rest_route=\/wp\/v2\/pages\/3\/revisions\/3302"}],"wp:attachment":[{"href":"https:\/\/klarglas.digitalambition.ch\/index.php?rest_route=%2Fwp%2Fv2%2Fmedia&parent=3"}],"curies":[{"name":"wp","href":"https:\/\/api.w.org\/{rel}","templated":true}]}}